{"id":84,"date":"2019-03-24T15:03:36","date_gmt":"2019-03-24T14:03:36","guid":{"rendered":"http:\/\/ateliersarahd.fr\/?page_id=84"},"modified":"2023-06-15T14:55:55","modified_gmt":"2023-06-15T12:55:55","slug":"prestations","status":"publish","type":"page","link":"http:\/\/ateliersarahd.fr\/","title":{"rendered":"PRESTATIONS"},"content":{"rendered":"\n<p class=\"has-text-align-center\" style=\"font-size:25px\"><em>Titulaire du CAP de tapissier en si\u00e8ge, je mets \u00e0 votre disposition mes comp\u00e9tences artistiques pour vous conseiller au mieux.<\/em><\/p>\n\n\n\n<p class=\"has-medium-font-size\"><strong>ATELIER SARAH D. vous propose&nbsp;:<\/strong><\/p>\n\n\n\n<h3 class=\"wp-block-heading has-text-align-right has-luminous-vivid-orange-color has-text-color\" style=\"font-size:25px;text-transform:uppercase\">la restauration de vos si\u00e8ges (tous styles): <\/h3>\n\n\n\n<div class=\"wp-block-group\"><div class=\"wp-block-group__inner-container is-layout-flow wp-block-group-is-layout-flow\">\n<ul class=\"wp-block-list\">\n<li>Selon les m\u00e9thodes traditionnelles de garnissage utilisant des mati\u00e8res naturelles telles que le crin, des toiles de jute,, sangles, ressorts, cordes \u2026<\/li>\n<\/ul>\n\n\n\n<ul class=\"wp-block-list\">\n<li>Selon des m\u00e9thodes plus contemporaines \u00e0 l&rsquo;aide de mousse<\/li>\n<\/ul>\n<\/div><\/div>\n\n\n\n<ul class=\"wp-block-list\">\n<li>Je travaille \u00e9galement en partenariat avec des \u00e9b\u00e9nistes, artisans du cuir pour la r\u00e9paration de vos assises<\/li>\n<\/ul>\n\n\n\n<figure class=\"wp-block-gallery has-nested-images columns-default wp-block-gallery-1 is-layout-flex wp-block-gallery-is-layout-flex\">\n<figure class=\"wp-block-image size-full\"><img loading=\"lazy\" decoding=\"async\" width=\"1440\" height=\"2560\" data-id=\"517\" src=\"http:\/\/ateliersarahd.fr\/wp-content\/uploads\/2022\/02\/P_20190927_150318-1.jpg\" alt=\"\" class=\"wp-image-517\" srcset=\"http:\/\/ateliersarahd.fr\/wp-content\/uploads\/2022\/02\/P_20190927_150318-1.jpg 1440w, http:\/\/ateliersarahd.fr\/wp-content\/uploads\/2022\/02\/P_20190927_150318-1-169x300.jpg 169w, http:\/\/ateliersarahd.fr\/wp-content\/uploads\/2022\/02\/P_20190927_150318-1-576x1024.jpg 576w, http:\/\/ateliersarahd.fr\/wp-content\/uploads\/2022\/02\/P_20190927_150318-1-768x1365.jpg 768w, http:\/\/ateliersarahd.fr\/wp-content\/uploads\/2022\/02\/P_20190927_150318-1-864x1536.jpg 864w, http:\/\/ateliersarahd.fr\/wp-content\/uploads\/2022\/02\/P_20190927_150318-1-1152x2048.jpg 1152w\" sizes=\"auto, (max-width: 1440px) 100vw, 1440px\" \/><\/figure>\n<\/figure>\n\n\n\n<p><\/p>\n\n\n\n<figure class=\"wp-block-gallery has-nested-images columns-default is-cropped wp-block-gallery-2 is-layout-flex wp-block-gallery-is-layout-flex\">\n<figure class=\"wp-block-image\"><img loading=\"lazy\" decoding=\"async\" width=\"576\" height=\"1024\" data-id=\"156\" src=\"http:\/\/ateliersarahd.fr\/wp-content\/uploads\/2019\/03\/P_20181122_102058-576x1024.jpg\" alt=\"\" class=\"wp-image-156\" srcset=\"http:\/\/ateliersarahd.fr\/wp-content\/uploads\/2019\/03\/P_20181122_102058-576x1024.jpg 576w, http:\/\/ateliersarahd.fr\/wp-content\/uploads\/2019\/03\/P_20181122_102058-169x300.jpg 169w, http:\/\/ateliersarahd.fr\/wp-content\/uploads\/2019\/03\/P_20181122_102058-768x1365.jpg 768w, http:\/\/ateliersarahd.fr\/wp-content\/uploads\/2019\/03\/P_20181122_102058.jpg 1440w\" sizes=\"auto, (max-width: 576px) 100vw, 576px\" \/><\/figure>\n\n\n\n<figure class=\"wp-block-image\"><img loading=\"lazy\" decoding=\"async\" width=\"686\" height=\"1024\" data-id=\"157\" src=\"http:\/\/ateliersarahd.fr\/wp-content\/uploads\/2019\/03\/P_20181213_104053-686x1024.jpg\" alt=\"\" class=\"wp-image-157\" srcset=\"http:\/\/ateliersarahd.fr\/wp-content\/uploads\/2019\/03\/P_20181213_104053-686x1024.jpg 686w, http:\/\/ateliersarahd.fr\/wp-content\/uploads\/2019\/03\/P_20181213_104053-201x300.jpg 201w, http:\/\/ateliersarahd.fr\/wp-content\/uploads\/2019\/03\/P_20181213_104053-768x1147.jpg 768w, http:\/\/ateliersarahd.fr\/wp-content\/uploads\/2019\/03\/P_20181213_104053.jpg 1440w\" sizes=\"auto, (max-width: 686px) 100vw, 686px\" \/><\/figure>\n<\/figure>\n\n\n\n<h3 class=\"wp-block-heading has-text-align-right has-luminous-vivid-orange-color has-text-color\" style=\"font-size:25px;text-transform:uppercase\">UN LARGE CHOIX DE TISSUS et de finitions :<\/h3>\n\n\n\n<p><\/p>\n\n\n\n<ul class=\"wp-block-list\">\n<li>ATELIER SARAH D propose \u00e0 la vente, au m\u00e8tre et pour vos projets de r\u00e9fection, un large choix de tissus d&rsquo;ameublement de fabrication fran\u00e7aise ou \u00e9trang\u00e8re<\/li>\n<\/ul>\n\n\n\n<ul class=\"wp-block-list\">\n<li>Vous trouverez \u00e0 l\u2019atelier des tissus d\u2019\u00e9diteurs :\n<ul class=\"wp-block-list\">\n<li>Unis, imprim\u00e9s ou textur\u00e9s<\/li>\n\n\n\n<li>Velours, lin, cotons, fibres m\u00e9lang\u00e9es, biologiques&#8230;<\/li>\n\n\n\n<li>R\u00e9sistants, anti-t\u00e2ches, \u00e0 l\u2019entretien facile, avec une d\u00e9marche \u00e9co responsable\u2026<\/li>\n\n\n\n<li>Outdoor pour salons de jardin, transats, bords de piscine ou v\u00e9randas\u2026<\/li>\n<\/ul>\n<\/li>\n<\/ul>\n\n\n\n<ul class=\"wp-block-list\">\n<li>Vaste gamme de clous, galon, passepoil&#8230;<\/li>\n<\/ul>\n\n\n\n<p><\/p>\n\n\n\n<h3 class=\"wp-block-heading has-text-align-right has-luminous-vivid-orange-color has-text-color\" style=\"font-size:25px;text-transform:uppercase\">D\u00c9PLACEMENTS et conseils A DOMICILE GRATUITS:<\/h3>\n\n\n\n<ul class=\"wp-block-list\">\n<li>Je vous conseille pour votre am\u00e9nagement et la d\u00e9coration de votre int\u00e9rieur (style, harmonie des couleurs&#8230;)<\/li>\n<\/ul>\n\n\n\n<ul class=\"wp-block-list\">\n<li>Je peux vous aider dans vos recherches pour trouver des fauteuils .<\/li>\n<\/ul>\n\n\n\n<ul class=\"wp-block-list\">\n<li>Je me d\u00e9place \u00e0 domicile afin d&rsquo;\u00e9tablir un devis gratuit.<\/li>\n<\/ul>\n\n\n\n<ul class=\"wp-block-list\">\n<li>Enl\u00e8vement de votre fauteuil et livraison gratuits (Ile de France Sud)<\/li>\n<\/ul>\n\n\n\n<p>Pour demander des informations par mail, merci de m&rsquo;envoyer des photos de votre fauteuil ou assise \u00e0 <strong><em>contact@ateliersarahd.fr<\/em><\/strong><br><\/p>\n","protected":false},"excerpt":{"rendered":"<p>Titulaire du CAP de tapissier en si\u00e8ge, je mets \u00e0 votre disposition mes comp\u00e9tences artistiques pour vous conseiller au mieux. ATELIER SARAH D. vous propose&nbsp;: la restauration de vos si\u00e8ges (tous styles): UN LARGE CHOIX DE TISSUS et de finitions : D\u00c9PLACEMENTS et conseils A DOMICILE GRATUITS: Pour demander des informations par mail, merci de [&hellip;]<\/p>\n","protected":false},"author":1,"featured_media":0,"parent":0,"menu_order":0,"comment_status":"closed","ping_status":"closed","template":"","meta":{"footnotes":""},"class_list":["post-84","page","type-page","status-publish","hentry"],"_links":{"self":[{"href":"http:\/\/ateliersarahd.fr\/index.php?rest_route=\/wp\/v2\/pages\/84","targetHints":{"allow":["GET"]}}],"collection":[{"href":"http:\/\/ateliersarahd.fr\/index.php?rest_route=\/wp\/v2\/pages"}],"about":[{"href":"http:\/\/ateliersarahd.fr\/index.php?rest_route=\/wp\/v2\/types\/page"}],"author":[{"embeddable":true,"href":"http:\/\/ateliersarahd.fr\/index.php?rest_route=\/wp\/v2\/users\/1"}],"replies":[{"embeddable":true,"href":"http:\/\/ateliersarahd.fr\/index.php?rest_route=%2Fwp%2Fv2%2Fcomments&post=84"}],"version-history":[{"count":16,"href":"http:\/\/ateliersarahd.fr\/index.php?rest_route=\/wp\/v2\/pages\/84\/revisions"}],"predecessor-version":[{"id":844,"href":"http:\/\/ateliersarahd.fr\/index.php?rest_route=\/wp\/v2\/pages\/84\/revisions\/844"}],"wp:attachment":[{"href":"http:\/\/ateliersarahd.fr\/index.php?rest_route=%2Fwp%2Fv2%2Fmedia&parent=84"}],"curies":[{"name":"wp","href":"https:\/\/api.w.org\/{rel}","templated":true}]}}