{"id":110,"date":"2019-03-24T16:00:57","date_gmt":"2019-03-24T15:00:57","guid":{"rendered":"http:\/\/ateliersarahd.fr\/?page_id=110"},"modified":"2023-06-15T14:17:27","modified_gmt":"2023-06-15T12:17:27","slug":"qui-suis-je","status":"publish","type":"page","link":"http:\/\/ateliersarahd.fr\/?page_id=110","title":{"rendered":"QUI SUIS JE?"},"content":{"rendered":"\n<p>Apr\u00e8s une double formation en commerce et histoire de l\u2019art (\u00c9cole du Louvre) j\u2019ai travaill\u00e9 plusieurs ann\u00e9es dans la mise en place de salons professionnels.<\/p>\n\n\n\n<p>Apr\u00e8s la naissance de mon 3<sup>eme<\/sup> enfant j\u2019ai d\u00e9couvert&nbsp; la tapisserie d\u2019ameublement en si\u00e8ge que j\u2019ai pratiqu\u00e9e au d\u00e9but en cours du soir puis en stages plus intensifs avec une vraie passion.<\/p>\n\n\n\n<p>Ce travail de patience, de minutie, le go\u00fbt du\n\u00ab&nbsp;beau&nbsp;\u00bb et du travail bien fait m\u2019ont tout naturellement port\u00e9e vers\nune reconversion professionnelle.<\/p>\n\n\n\n<p>J\u2019ai donc suivi pendant plusieurs mois les cours de\nr\u00e9fection de si\u00e8ge propos\u00e9s par l\u2019\u00e9cole Boulle via le GRETA et obtenu mon CAP\nde tapissier en si\u00e8ge.<\/p>\n\n\n\n<p>J\u2019ai alors d\u00e9cid\u00e9 d\u2019ouvrir mon atelier afin de mettre \u00e0\nvotre service mon savoir-faire.<\/p>\n","protected":false},"excerpt":{"rendered":"<p>Apr\u00e8s une double formation en commerce et histoire de l\u2019art (\u00c9cole du Louvre) j\u2019ai travaill\u00e9 plusieurs ann\u00e9es dans la mise en place de salons professionnels. Apr\u00e8s la naissance de mon 3eme enfant j\u2019ai d\u00e9couvert&nbsp; la tapisserie d\u2019ameublement en si\u00e8ge que j\u2019ai pratiqu\u00e9e au d\u00e9but en cours du soir puis en stages plus intensifs avec une [&hellip;]<\/p>\n","protected":false},"author":1,"featured_media":0,"parent":0,"menu_order":0,"comment_status":"closed","ping_status":"closed","template":"","meta":{"footnotes":""},"class_list":["post-110","page","type-page","status-publish","hentry"],"_links":{"self":[{"href":"http:\/\/ateliersarahd.fr\/index.php?rest_route=\/wp\/v2\/pages\/110","targetHints":{"allow":["GET"]}}],"collection":[{"href":"http:\/\/ateliersarahd.fr\/index.php?rest_route=\/wp\/v2\/pages"}],"about":[{"href":"http:\/\/ateliersarahd.fr\/index.php?rest_route=\/wp\/v2\/types\/page"}],"author":[{"embeddable":true,"href":"http:\/\/ateliersarahd.fr\/index.php?rest_route=\/wp\/v2\/users\/1"}],"replies":[{"embeddable":true,"href":"http:\/\/ateliersarahd.fr\/index.php?rest_route=%2Fwp%2Fv2%2Fcomments&post=110"}],"version-history":[{"count":2,"href":"http:\/\/ateliersarahd.fr\/index.php?rest_route=\/wp\/v2\/pages\/110\/revisions"}],"predecessor-version":[{"id":824,"href":"http:\/\/ateliersarahd.fr\/index.php?rest_route=\/wp\/v2\/pages\/110\/revisions\/824"}],"wp:attachment":[{"href":"http:\/\/ateliersarahd.fr\/index.php?rest_route=%2Fwp%2Fv2%2Fmedia&parent=110"}],"curies":[{"name":"wp","href":"https:\/\/api.w.org\/{rel}","templated":true}]}}